{"id":131,"date":"2019-04-08T20:29:57","date_gmt":"2019-04-08T18:29:57","guid":{"rendered":"http:\/\/winos.com.pe\/?page_id=131"},"modified":"2019-04-26T19:42:48","modified_gmt":"2019-04-26T17:42:48","slug":"nosotros","status":"publish","type":"page","link":"https:\/\/winos.com.pe\/?page_id=131","title":{"rendered":"NOSOTROS"},"content":{"rendered":"\t\t<div data-elementor-type=\"wp-post\" data-elementor-id=\"131\" class=\"elementor elementor-131 elementor-bc-flex-widget\">\n\t\t\t\t\t\t<div class=\"elementor-inner\">\n\t\t\t\t<div class=\"elementor-section-wrap\">\n\t\t\t\t\t\t\t\t\t<section class=\"elementor-section elementor-top-section elementor-element elementor-element-0ef1db9 elementor-section-boxed elementor-section-height-default elementor-section-height-default\" data-id=\"0ef1db9\" data-element_type=\"section\">\n\t\t\t\t\t\t<div class=\"elementor-container elementor-column-gap-default\">\n\t\t\t\t\t\t\t<div class=\"elementor-row\">\n\t\t\t\t\t<div class=\"elementor-column elementor-col-33 elementor-top-column elementor-element elementor-element-6e2efaf\" data-id=\"6e2efaf\" data-element_type=\"column\">\n\t\t\t<div class=\"elementor-column-wrap elementor-element-populated\">\n\t\t\t\t\t\t\t<div class=\"elementor-widget-wrap\">\n\t\t\t\t\t\t<div class=\"elementor-element elementor-element-5fe1453 elementor-widget elementor-widget-image\" data-id=\"5fe1453\" data-element_type=\"widget\" data-widget_type=\"image.default\">\n\t\t\t\t<div class=\"elementor-widget-container\">\n\t\t\t\t\t\t\t\t<div class=\"elementor-image\">\n\t\t\t\t\t\t\t\t\t\t\t\t<img loading=\"lazy\" decoding=\"async\" width=\"1000\" height=\"667\" src=\"https:\/\/winos.com.pe\/wp-content\/uploads\/2019\/04\/IMG_7010-1024x683.jpeg\" class=\"attachment-large size-large\" alt=\"\" srcset=\"https:\/\/winos.com.pe\/wp-content\/uploads\/2019\/04\/IMG_7010-1024x683.jpeg 1024w, https:\/\/winos.com.pe\/wp-content\/uploads\/2019\/04\/IMG_7010-300x200.jpeg 300w, https:\/\/winos.com.pe\/wp-content\/uploads\/2019\/04\/IMG_7010-768x512.jpeg 768w, https:\/\/winos.com.pe\/wp-content\/uploads\/2019\/04\/IMG_7010-525x350.jpeg 525w, https:\/\/winos.com.pe\/wp-content\/uploads\/2019\/04\/IMG_7010-150x100.jpeg 150w\" sizes=\"(max-width: 1000px) 100vw, 1000px\" \/>\t\t\t\t\t\t\t\t\t\t\t\t\t\t<\/div>\n\t\t\t\t\t\t<\/div>\n\t\t\t\t<\/div>\n\t\t\t\t\t\t<\/div>\n\t\t\t\t\t<\/div>\n\t\t<\/div>\n\t\t\t\t<div class=\"elementor-column elementor-col-66 elementor-top-column elementor-element elementor-element-ab3b587\" data-id=\"ab3b587\" data-element_type=\"column\">\n\t\t\t<div class=\"elementor-column-wrap elementor-element-populated\">\n\t\t\t\t\t\t\t<div class=\"elementor-widget-wrap\">\n\t\t\t\t\t\t<div class=\"elementor-element elementor-element-4968e8a elementor-widget elementor-widget-heading\" data-id=\"4968e8a\" data-element_type=\"widget\" data-widget_type=\"heading.default\">\n\t\t\t\t<div class=\"elementor-widget-container\">\n\t\t\t<h2 class=\"elementor-heading-title elementor-size-default\">SOMOS UNA EMPRESA<\/h2>\t\t<\/div>\n\t\t\t\t<\/div>\n\t\t\t\t<div class=\"elementor-element elementor-element-de8a0d9 elementor-widget elementor-widget-text-editor\" data-id=\"de8a0d9\" data-element_type=\"widget\" data-widget_type=\"text-editor.default\">\n\t\t\t\t<div class=\"elementor-widget-container\">\n\t\t\t\t\t\t\t\t<div class=\"elementor-text-editor elementor-clearfix\">\n\t\t\t\t<p>T\u00e9cnicas Mec\u00e1nicas Industriales <strong>WINOS S.A.C.<\/strong> con RUC 20604081905 es una empresa dedicada a ejecutar proyectos metalmec\u00e1nicos que incluye la ingenier\u00eda, dise\u00f1o, fabricaci\u00f3n, montaje as\u00ed como tambi\u00e9n el mantenimiento integral de m\u00e1quinas y equipos de plantas industriales av\u00edcolas, molinos, granjas av\u00edcolas,\u00a0 plantas pesqueras e industrias en general<\/p>\t\t\t\t\t<\/div>\n\t\t\t\t\t\t<\/div>\n\t\t\t\t<\/div>\n\t\t\t\t\t\t<\/div>\n\t\t\t\t\t<\/div>\n\t\t<\/div>\n\t\t\t\t\t\t\t\t<\/div>\n\t\t\t\t\t<\/div>\n\t\t<\/section>\n\t\t\t\t<section class=\"elementor-section elementor-top-section elementor-element elementor-element-8d13725 elementor-section-boxed elementor-section-height-default elementor-section-height-default\" data-id=\"8d13725\" data-element_type=\"section\">\n\t\t\t\t\t\t<div class=\"elementor-container elementor-column-gap-default\">\n\t\t\t\t\t\t\t<div class=\"elementor-row\">\n\t\t\t\t\t<div class=\"elementor-column elementor-col-66 elementor-top-column elementor-element elementor-element-96b75e1\" data-id=\"96b75e1\" data-element_type=\"column\">\n\t\t\t<div class=\"elementor-column-wrap elementor-element-populated\">\n\t\t\t\t\t\t\t<div class=\"elementor-widget-wrap\">\n\t\t\t\t\t\t<div class=\"elementor-element elementor-element-197da57 elementor-widget elementor-widget-heading\" data-id=\"197da57\" data-element_type=\"widget\" data-widget_type=\"heading.default\">\n\t\t\t\t<div class=\"elementor-widget-container\">\n\t\t\t<h2 class=\"elementor-heading-title elementor-size-default\">MISION<\/h2>\t\t<\/div>\n\t\t\t\t<\/div>\n\t\t\t\t<div class=\"elementor-element elementor-element-543a6f5 elementor-widget elementor-widget-text-editor\" data-id=\"543a6f5\" data-element_type=\"widget\" data-widget_type=\"text-editor.default\">\n\t\t\t\t<div class=\"elementor-widget-container\">\n\t\t\t\t\t\t\t\t<div class=\"elementor-text-editor elementor-clearfix\">\n\t\t\t\t<p>Realizamos proyectos, fabricaciones, dise\u00f1os en metal mec\u00e1nica, mantenimiento de equipos, ideamos soluciones pr\u00e1cticas y eficientes para las diferentes necesidades en los sectores industriales del pa\u00eds.<\/p><p>Estamos dedicados a satisfacer las necesidades de nuestros clientes, buscando la excelencia con un trato personalizado y soluciones adecuadas a las necesidades del cliente.<\/p>\t\t\t\t\t<\/div>\n\t\t\t\t\t\t<\/div>\n\t\t\t\t<\/div>\n\t\t\t\t\t\t<\/div>\n\t\t\t\t\t<\/div>\n\t\t<\/div>\n\t\t\t\t<div class=\"elementor-column elementor-col-33 elementor-top-column elementor-element elementor-element-3110859\" data-id=\"3110859\" data-element_type=\"column\">\n\t\t\t<div class=\"elementor-column-wrap elementor-element-populated\">\n\t\t\t\t\t\t\t<div class=\"elementor-widget-wrap\">\n\t\t\t\t\t\t<div class=\"elementor-element elementor-element-47ca3b8 elementor-widget elementor-widget-image\" data-id=\"47ca3b8\" data-element_type=\"widget\" data-widget_type=\"image.default\">\n\t\t\t\t<div class=\"elementor-widget-container\">\n\t\t\t\t\t\t\t\t<div class=\"elementor-image\">\n\t\t\t\t\t\t\t\t\t\t\t\t<img loading=\"lazy\" decoding=\"async\" width=\"374\" height=\"374\" src=\"https:\/\/winos.com.pe\/wp-content\/uploads\/2019\/04\/Mision.jpeg\" class=\"attachment-large size-large\" alt=\"\" srcset=\"https:\/\/winos.com.pe\/wp-content\/uploads\/2019\/04\/Mision.jpeg 374w, https:\/\/winos.com.pe\/wp-content\/uploads\/2019\/04\/Mision-150x150.jpeg 150w, https:\/\/winos.com.pe\/wp-content\/uploads\/2019\/04\/Mision-300x300.jpeg 300w, https:\/\/winos.com.pe\/wp-content\/uploads\/2019\/04\/Mision-350x350.jpeg 350w\" sizes=\"(max-width: 374px) 100vw, 374px\" \/>\t\t\t\t\t\t\t\t\t\t\t\t\t\t<\/div>\n\t\t\t\t\t\t<\/div>\n\t\t\t\t<\/div>\n\t\t\t\t\t\t<\/div>\n\t\t\t\t\t<\/div>\n\t\t<\/div>\n\t\t\t\t\t\t\t\t<\/div>\n\t\t\t\t\t<\/div>\n\t\t<\/section>\n\t\t\t\t<section class=\"elementor-section elementor-top-section elementor-element elementor-element-77dd59a elementor-section-boxed elementor-section-height-default elementor-section-height-default\" data-id=\"77dd59a\" data-element_type=\"section\">\n\t\t\t\t\t\t<div class=\"elementor-container elementor-column-gap-default\">\n\t\t\t\t\t\t\t<div class=\"elementor-row\">\n\t\t\t\t\t<div class=\"elementor-column elementor-col-33 elementor-top-column elementor-element elementor-element-53b05bd\" data-id=\"53b05bd\" data-element_type=\"column\">\n\t\t\t<div class=\"elementor-column-wrap elementor-element-populated\">\n\t\t\t\t\t\t\t<div class=\"elementor-widget-wrap\">\n\t\t\t\t\t\t<div class=\"elementor-element elementor-element-e57f83a elementor-widget elementor-widget-image\" data-id=\"e57f83a\" data-element_type=\"widget\" data-widget_type=\"image.default\">\n\t\t\t\t<div class=\"elementor-widget-container\">\n\t\t\t\t\t\t\t\t<div class=\"elementor-image\">\n\t\t\t\t\t\t\t\t\t\t\t\t<img loading=\"lazy\" decoding=\"async\" width=\"374\" height=\"374\" src=\"https:\/\/winos.com.pe\/wp-content\/uploads\/2019\/04\/Vision.jpeg\" class=\"attachment-large size-large\" alt=\"\" srcset=\"https:\/\/winos.com.pe\/wp-content\/uploads\/2019\/04\/Vision.jpeg 374w, https:\/\/winos.com.pe\/wp-content\/uploads\/2019\/04\/Vision-150x150.jpeg 150w, https:\/\/winos.com.pe\/wp-content\/uploads\/2019\/04\/Vision-300x300.jpeg 300w, https:\/\/winos.com.pe\/wp-content\/uploads\/2019\/04\/Vision-350x350.jpeg 350w\" sizes=\"(max-width: 374px) 100vw, 374px\" \/>\t\t\t\t\t\t\t\t\t\t\t\t\t\t<\/div>\n\t\t\t\t\t\t<\/div>\n\t\t\t\t<\/div>\n\t\t\t\t\t\t<\/div>\n\t\t\t\t\t<\/div>\n\t\t<\/div>\n\t\t\t\t<div class=\"elementor-column elementor-col-66 elementor-top-column elementor-element elementor-element-f742b65\" data-id=\"f742b65\" data-element_type=\"column\">\n\t\t\t<div class=\"elementor-column-wrap elementor-element-populated\">\n\t\t\t\t\t\t\t<div class=\"elementor-widget-wrap\">\n\t\t\t\t\t\t<div class=\"elementor-element elementor-element-0ec9fe8 elementor-widget elementor-widget-heading\" data-id=\"0ec9fe8\" data-element_type=\"widget\" data-widget_type=\"heading.default\">\n\t\t\t\t<div class=\"elementor-widget-container\">\n\t\t\t<h2 class=\"elementor-heading-title elementor-size-default\">VISION<\/h2>\t\t<\/div>\n\t\t\t\t<\/div>\n\t\t\t\t<div class=\"elementor-element elementor-element-8a2d0da elementor-widget elementor-widget-text-editor\" data-id=\"8a2d0da\" data-element_type=\"widget\" data-widget_type=\"text-editor.default\">\n\t\t\t\t<div class=\"elementor-widget-container\">\n\t\t\t\t\t\t\t\t<div class=\"elementor-text-editor elementor-clearfix\">\n\t\t\t\t<p>Somos una empresa dedicada a colaborar t\u00e9cnicamente con nuestros clientes, en proyectos, fabricaciones, para resolver todos sus inconvenientes y cubrir todas sus necesidades, con la convicci\u00f3n de convertirnos en sus socios estrat\u00e9gicos, manteniendo la m\u00e1s alta calidad y compromiso de todo el personal de nuestra empresa, para poder brindar un servicio que satisfaga al cliente.<\/p>\t\t\t\t\t<\/div>\n\t\t\t\t\t\t<\/div>\n\t\t\t\t<\/div>\n\t\t\t\t\t\t<\/div>\n\t\t\t\t\t<\/div>\n\t\t<\/div>\n\t\t\t\t\t\t\t\t<\/div>\n\t\t\t\t\t<\/div>\n\t\t<\/section>\n\t\t\t\t<section class=\"elementor-section elementor-top-section elementor-element elementor-element-208546a elementor-section-boxed elementor-section-height-default elementor-section-height-default\" data-id=\"208546a\" data-element_type=\"section\">\n\t\t\t\t\t\t<div class=\"elementor-container elementor-column-gap-default\">\n\t\t\t\t\t\t\t<div class=\"elementor-row\">\n\t\t\t\t\t<div class=\"elementor-column elementor-col-66 elementor-top-column elementor-element elementor-element-f0feac6\" data-id=\"f0feac6\" data-element_type=\"column\">\n\t\t\t<div class=\"elementor-column-wrap elementor-element-populated\">\n\t\t\t\t\t\t\t<div class=\"elementor-widget-wrap\">\n\t\t\t\t\t\t<div class=\"elementor-element elementor-element-20b64b0 elementor-widget elementor-widget-heading\" data-id=\"20b64b0\" data-element_type=\"widget\" data-widget_type=\"heading.default\">\n\t\t\t\t<div class=\"elementor-widget-container\">\n\t\t\t<h2 class=\"elementor-heading-title elementor-size-default\">NUESTRO COMPROMISO<\/h2>\t\t<\/div>\n\t\t\t\t<\/div>\n\t\t\t\t<div class=\"elementor-element elementor-element-f23a67e elementor-widget elementor-widget-text-editor\" data-id=\"f23a67e\" data-element_type=\"widget\" data-widget_type=\"text-editor.default\">\n\t\t\t\t<div class=\"elementor-widget-container\">\n\t\t\t\t\t\t\t\t<div class=\"elementor-text-editor elementor-clearfix\">\n\t\t\t\t<ul><li>Calidad de servicio.<\/li><li>Personal capacitado y motivado.<\/li><li>Atenci\u00f3n las 24 horas a las necesidades de nuestros clientes.<\/li><li>Cumplimiento con todas las reglamentaciones y procedimientos de seguridad en nuestras operaciones y servicios, para la adecuada protecci\u00f3n y salud de nuestro personal y de nuestros clientes.<\/li><li>Satisfacer las necesidades de nuestros clientes.<\/li><\/ul>\t\t\t\t\t<\/div>\n\t\t\t\t\t\t<\/div>\n\t\t\t\t<\/div>\n\t\t\t\t\t\t<\/div>\n\t\t\t\t\t<\/div>\n\t\t<\/div>\n\t\t\t\t<div class=\"elementor-column elementor-col-33 elementor-top-column elementor-element elementor-element-820f3e9\" data-id=\"820f3e9\" data-element_type=\"column\">\n\t\t\t<div class=\"elementor-column-wrap elementor-element-populated\">\n\t\t\t\t\t\t\t<div class=\"elementor-widget-wrap\">\n\t\t\t\t\t\t<div class=\"elementor-element elementor-element-2903a7f elementor-widget elementor-widget-image\" data-id=\"2903a7f\" data-element_type=\"widget\" data-widget_type=\"image.default\">\n\t\t\t\t<div class=\"elementor-widget-container\">\n\t\t\t\t\t\t\t\t<div class=\"elementor-image\">\n\t\t\t\t\t\t\t\t\t\t\t\t<img loading=\"lazy\" decoding=\"async\" width=\"374\" height=\"318\" src=\"https:\/\/winos.com.pe\/wp-content\/uploads\/2019\/04\/Compromiso.jpeg\" class=\"attachment-large size-large\" alt=\"\" srcset=\"https:\/\/winos.com.pe\/wp-content\/uploads\/2019\/04\/Compromiso.jpeg 374w, https:\/\/winos.com.pe\/wp-content\/uploads\/2019\/04\/Compromiso-300x255.jpeg 300w, https:\/\/winos.com.pe\/wp-content\/uploads\/2019\/04\/Compromiso-150x128.jpeg 150w\" sizes=\"(max-width: 374px) 100vw, 374px\" \/>\t\t\t\t\t\t\t\t\t\t\t\t\t\t<\/div>\n\t\t\t\t\t\t<\/div>\n\t\t\t\t<\/div>\n\t\t\t\t\t\t<\/div>\n\t\t\t\t\t<\/div>\n\t\t<\/div>\n\t\t\t\t\t\t\t\t<\/div>\n\t\t\t\t\t<\/div>\n\t\t<\/section>\n\t\t\t\t\t\t\t\t\t<\/div>\n\t\t\t<\/div>\n\t\t\t\t\t<\/div>\n\t\t","protected":false},"excerpt":{"rendered":"<p>SOMOS UNA EMPRESA T\u00e9cnicas Mec\u00e1nicas Industriales WINOS S.A.C. con RUC 20604081905 es una empresa dedicada a ejecutar proyectos metalmec\u00e1nicos que incluye la ingenier\u00eda, dise\u00f1o, fabricaci\u00f3n, montaje as\u00ed como tambi\u00e9n el mantenimiento integral de m\u00e1quinas y equipos de plantas industriales av\u00edcolas, molinos, granjas av\u00edcolas,\u00a0 plantas pesqueras e industrias en general MISION&#8230; <a class=\"continue-reading-link\" href=\"https:\/\/winos.com.pe\/?page_id=131\">Continue reading<\/a><\/p>\n","protected":false},"author":1,"featured_media":0,"parent":0,"menu_order":0,"comment_status":"closed","ping_status":"closed","template":"","meta":{"footnotes":""},"class_list":["post-131","page","type-page","status-publish","hentry"],"_links":{"self":[{"href":"https:\/\/winos.com.pe\/index.php?rest_route=\/wp\/v2\/pages\/131"}],"collection":[{"href":"https:\/\/winos.com.pe\/index.php?rest_route=\/wp\/v2\/pages"}],"about":[{"href":"https:\/\/winos.com.pe\/index.php?rest_route=\/wp\/v2\/types\/page"}],"author":[{"embeddable":true,"href":"https:\/\/winos.com.pe\/index.php?rest_route=\/wp\/v2\/users\/1"}],"replies":[{"embeddable":true,"href":"https:\/\/winos.com.pe\/index.php?rest_route=%2Fwp%2Fv2%2Fcomments&post=131"}],"version-history":[{"count":13,"href":"https:\/\/winos.com.pe\/index.php?rest_route=\/wp\/v2\/pages\/131\/revisions"}],"predecessor-version":[{"id":260,"href":"https:\/\/winos.com.pe\/index.php?rest_route=\/wp\/v2\/pages\/131\/revisions\/260"}],"wp:attachment":[{"href":"https:\/\/winos.com.pe\/index.php?rest_route=%2Fwp%2Fv2%2Fmedia&parent=131"}],"curies":[{"name":"wp","href":"https:\/\/api.w.org\/{rel}","templated":true}]}}