{"id":108,"date":"2019-03-29T17:17:21","date_gmt":"2019-03-29T16:17:21","guid":{"rendered":"http:\/\/winos.com.pe\/?page_id=108"},"modified":"2020-09-28T23:01:31","modified_gmt":"2020-09-28T21:01:31","slug":"ingenieria-2","status":"publish","type":"page","link":"https:\/\/winos.com.pe\/?page_id=108","title":{"rendered":"INGENIER\u00cdA"},"content":{"rendered":"\t\t<div data-elementor-type=\"wp-post\" data-elementor-id=\"108\" class=\"elementor elementor-108 elementor-bc-flex-widget\">\n\t\t\t\t\t\t<div class=\"elementor-inner\">\n\t\t\t\t<div class=\"elementor-section-wrap\">\n\t\t\t\t\t\t\t\t\t<section class=\"elementor-section elementor-top-section elementor-element elementor-element-57f3585 elementor-section-boxed elementor-section-height-default elementor-section-height-default\" data-id=\"57f3585\" data-element_type=\"section\">\n\t\t\t\t\t\t<div class=\"elementor-container elementor-column-gap-default\">\n\t\t\t\t\t\t\t<div class=\"elementor-row\">\n\t\t\t\t\t<div class=\"elementor-column elementor-col-50 elementor-top-column elementor-element elementor-element-b74dbd2\" data-id=\"b74dbd2\" data-element_type=\"column\">\n\t\t\t<div class=\"elementor-column-wrap elementor-element-populated\">\n\t\t\t\t\t\t\t<div class=\"elementor-widget-wrap\">\n\t\t\t\t\t\t<div class=\"elementor-element elementor-element-cab3016 elementor-widget elementor-widget-image\" data-id=\"cab3016\" data-element_type=\"widget\" data-widget_type=\"image.default\">\n\t\t\t\t<div class=\"elementor-widget-container\">\n\t\t\t\t\t\t\t\t<div class=\"elementor-image\">\n\t\t\t\t\t\t\t\t\t\t\t\t<img loading=\"lazy\" decoding=\"async\" width=\"356\" height=\"267\" src=\"https:\/\/winos.com.pe\/wp-content\/uploads\/2019\/03\/Ingenieria.jpg\" class=\"attachment-large size-large\" alt=\"\" srcset=\"https:\/\/winos.com.pe\/wp-content\/uploads\/2019\/03\/Ingenieria.jpg 356w, https:\/\/winos.com.pe\/wp-content\/uploads\/2019\/03\/Ingenieria-300x225.jpg 300w, https:\/\/winos.com.pe\/wp-content\/uploads\/2019\/03\/Ingenieria-150x113.jpg 150w\" sizes=\"(max-width: 356px) 100vw, 356px\" \/>\t\t\t\t\t\t\t\t\t\t\t\t\t\t<\/div>\n\t\t\t\t\t\t<\/div>\n\t\t\t\t<\/div>\n\t\t\t\t<div class=\"elementor-element elementor-element-80d1885 elementor-widget elementor-widget-text-editor\" data-id=\"80d1885\" data-element_type=\"widget\" data-widget_type=\"text-editor.default\">\n\t\t\t\t<div class=\"elementor-widget-container\">\n\t\t\t\t\t\t\t\t<div class=\"elementor-text-editor elementor-clearfix\">\n\t\t\t\t<p>T\u00e9cnicas Mec\u00e1nicas Industriales <strong>WINOS S.A.C.<\/strong> elabora la ingenier\u00eda de detalle y de taller necesaria para la fabricaci\u00f3n y construcci\u00f3n de sus trabajos, planos de fabricaci\u00f3n y montaje para diferentes proyectos que se ejecuta en las plantas industriales: Av\u00edcolas, Procesadoras de Alimentos Balanceados, Compostaje, Plantas Pesqueras, entre otros.<\/p>\t\t\t\t\t<\/div>\n\t\t\t\t\t\t<\/div>\n\t\t\t\t<\/div>\n\t\t\t\t\t\t<\/div>\n\t\t\t\t\t<\/div>\n\t\t<\/div>\n\t\t\t\t<div class=\"elementor-column elementor-col-50 elementor-top-column elementor-element elementor-element-cf44e7e\" data-id=\"cf44e7e\" data-element_type=\"column\">\n\t\t\t<div class=\"elementor-column-wrap elementor-element-populated\">\n\t\t\t\t\t\t\t<div class=\"elementor-widget-wrap\">\n\t\t\t\t\t\t<div class=\"elementor-element elementor-element-620b5b3 elementor-widget elementor-widget-heading\" data-id=\"620b5b3\" data-element_type=\"widget\" data-widget_type=\"heading.default\">\n\t\t\t\t<div class=\"elementor-widget-container\">\n\t\t\t<h2 class=\"elementor-heading-title elementor-size-default\">GALER\u00cdA<\/h2>\t\t<\/div>\n\t\t\t\t<\/div>\n\t\t\t\t<div class=\"elementor-element elementor-element-bd6955f elementor-widget elementor-widget-bwg-elementor\" data-id=\"bd6955f\" data-element_type=\"widget\" data-widget_type=\"bwg-elementor.default\">\n\t\t\t\t<div class=\"elementor-widget-container\">\n\t\t\t    <style>\n      .elementor-control-bwg_view_type_shortcode .elementor-control-input-wrapper,\n      .elementor-control-bwg_elementor_shortcode input {\n        visibility: hidden;\n      }\n      .elementor-control-bwg_elementor_shortcode input {\n        height: 0;\n      }\n      .elementor-control a.bwg-shortcode-btn {\n        text-decoration: none;\n        border-bottom:none;\n      }\n    <\/style>\n    \t\t<\/div>\n\t\t\t\t<\/div>\n\t\t\t\t\t\t<\/div>\n\t\t\t\t\t<\/div>\n\t\t<\/div>\n\t\t\t\t\t\t\t\t<\/div>\n\t\t\t\t\t<\/div>\n\t\t<\/section>\n\t\t\t\t<section class=\"elementor-section elementor-top-section elementor-element elementor-element-e0aed43 elementor-section-boxed elementor-section-height-default elementor-section-height-default\" data-id=\"e0aed43\" data-element_type=\"section\">\n\t\t\t\t\t\t<div class=\"elementor-container elementor-column-gap-default\">\n\t\t\t\t\t\t\t<div class=\"elementor-row\">\n\t\t\t\t\t<div class=\"elementor-column elementor-col-100 elementor-top-column elementor-element elementor-element-a54d1c6\" data-id=\"a54d1c6\" data-element_type=\"column\">\n\t\t\t<div class=\"elementor-column-wrap elementor-element-populated\">\n\t\t\t\t\t\t\t<div class=\"elementor-widget-wrap\">\n\t\t\t\t\t\t<div class=\"elementor-element elementor-element-0739d48 elementor-widget elementor-widget-heading\" data-id=\"0739d48\" data-element_type=\"widget\" data-widget_type=\"heading.default\">\n\t\t\t\t<div class=\"elementor-widget-container\">\n\t\t\t<h2 class=\"elementor-heading-title elementor-size-default\">NUEVOS PROYECTOS<\/h2>\t\t<\/div>\n\t\t\t\t<\/div>\n\t\t\t\t\t\t<\/div>\n\t\t\t\t\t<\/div>\n\t\t<\/div>\n\t\t\t\t\t\t\t\t<\/div>\n\t\t\t\t\t<\/div>\n\t\t<\/section>\n\t\t\t\t<section class=\"elementor-section elementor-top-section elementor-element elementor-element-8563338 elementor-section-boxed elementor-section-height-default elementor-section-height-default\" data-id=\"8563338\" data-element_type=\"section\">\n\t\t\t\t\t\t<div class=\"elementor-container elementor-column-gap-default\">\n\t\t\t\t\t\t\t<div class=\"elementor-row\">\n\t\t\t\t\t<div class=\"elementor-column elementor-col-100 elementor-top-column elementor-element elementor-element-8efd049\" data-id=\"8efd049\" data-element_type=\"column\">\n\t\t\t<div class=\"elementor-column-wrap elementor-element-populated\">\n\t\t\t\t\t\t\t<div class=\"elementor-widget-wrap\">\n\t\t\t\t\t\t<div class=\"elementor-element elementor-element-ebccc12 elementor-widget elementor-widget-image-gallery\" data-id=\"ebccc12\" data-element_type=\"widget\" data-widget_type=\"image-gallery.default\">\n\t\t\t\t<div class=\"elementor-widget-container\">\n\t\t\t\t\t<div class=\"elementor-image-gallery\">\n\t\t\t\n\t\t<style type=\"text\/css\">\n\t\t\t#gallery-1 {\n\t\t\t\tmargin: auto;\n\t\t\t}\n\t\t\t#gallery-1 .gallery-item {\n\t\t\t\tfloat: left;\n\t\t\t\tmargin-top: 10px;\n\t\t\t\ttext-align: center;\n\t\t\t\twidth: 33%;\n\t\t\t}\n\t\t\t#gallery-1 img {\n\t\t\t\tborder: 2px solid #cfcfcf;\n\t\t\t}\n\t\t\t#gallery-1 .gallery-caption {\n\t\t\t\tmargin-left: 0;\n\t\t\t}\n\t\t\t\/* see gallery_shortcode() in wp-includes\/media.php *\/\n\t\t<\/style>\n\t\t<div id='gallery-1' class='gallery galleryid-108 gallery-columns-3 gallery-size-medium'><dl class='gallery-item'>\n\t\t\t<dt class='gallery-icon landscape'>\n\t\t\t\t<a data-elementor-open-lightbox=\"yes\" data-elementor-lightbox-slideshow=\"ebccc12\" data-elementor-lightbox-title=\"DETALLES TECHO AREA RECEPCION Y PELADO SE V2.0\" e-action-hash=\"#elementor-action%3Aaction%3Dlightbox%26settings%3DeyJpZCI6NDI1LCJ1cmwiOiJodHRwczpcL1wvd2lub3MuY29tLnBlXC93cC1jb250ZW50XC91cGxvYWRzXC8yMDIwXC8wNlwvREVUQUxMRVMtVEVDSE8tQVJFQS1SRUNFUENJT04tWS1QRUxBRE8tU0UtVjIuMC5qcGciLCJzbGlkZXNob3ciOiJlYmNjYzEyIn0%3D\" href='https:\/\/winos.com.pe\/wp-content\/uploads\/2020\/06\/DETALLES-TECHO-AREA-RECEPCION-Y-PELADO-SE-V2.0.jpg'><img loading=\"lazy\" decoding=\"async\" width=\"300\" height=\"212\" src=\"https:\/\/winos.com.pe\/wp-content\/uploads\/2020\/06\/DETALLES-TECHO-AREA-RECEPCION-Y-PELADO-SE-V2.0-300x212.jpg\" class=\"attachment-medium size-medium\" alt=\"\" aria-describedby=\"gallery-1-425\" srcset=\"https:\/\/winos.com.pe\/wp-content\/uploads\/2020\/06\/DETALLES-TECHO-AREA-RECEPCION-Y-PELADO-SE-V2.0-300x212.jpg 300w, https:\/\/winos.com.pe\/wp-content\/uploads\/2020\/06\/DETALLES-TECHO-AREA-RECEPCION-Y-PELADO-SE-V2.0-768x543.jpg 768w, https:\/\/winos.com.pe\/wp-content\/uploads\/2020\/06\/DETALLES-TECHO-AREA-RECEPCION-Y-PELADO-SE-V2.0-1024x724.jpg 1024w, https:\/\/winos.com.pe\/wp-content\/uploads\/2020\/06\/DETALLES-TECHO-AREA-RECEPCION-Y-PELADO-SE-V2.0-495x350.jpg 495w, https:\/\/winos.com.pe\/wp-content\/uploads\/2020\/06\/DETALLES-TECHO-AREA-RECEPCION-Y-PELADO-SE-V2.0-150x106.jpg 150w\" sizes=\"(max-width: 300px) 100vw, 300px\" \/><\/a>\n\t\t\t<\/dt>\n\t\t\t\t<dd class='wp-caption-text gallery-caption' id='gallery-1-425'>\n\t\t\t\tTecho Nave Proceso\n\t\t\t\t<\/dd><\/dl><dl class='gallery-item'>\n\t\t\t<dt class='gallery-icon landscape'>\n\t\t\t\t<a data-elementor-open-lightbox=\"yes\" data-elementor-lightbox-slideshow=\"ebccc12\" data-elementor-lightbox-title=\"DETALLES TEJIDO VIGA RECEPCION Y PELADO SE V2.0\" e-action-hash=\"#elementor-action%3Aaction%3Dlightbox%26settings%3DeyJpZCI6NDI2LCJ1cmwiOiJodHRwczpcL1wvd2lub3MuY29tLnBlXC93cC1jb250ZW50XC91cGxvYWRzXC8yMDIwXC8wNlwvREVUQUxMRVMtVEVKSURPLVZJR0EtUkVDRVBDSU9OLVktUEVMQURPLVNFLVYyLjAuanBnIiwic2xpZGVzaG93IjoiZWJjY2MxMiJ9\" href='https:\/\/winos.com.pe\/wp-content\/uploads\/2020\/06\/DETALLES-TEJIDO-VIGA-RECEPCION-Y-PELADO-SE-V2.0.jpg'><img loading=\"lazy\" decoding=\"async\" width=\"300\" height=\"212\" src=\"https:\/\/winos.com.pe\/wp-content\/uploads\/2020\/06\/DETALLES-TEJIDO-VIGA-RECEPCION-Y-PELADO-SE-V2.0-300x212.jpg\" class=\"attachment-medium size-medium\" alt=\"\" aria-describedby=\"gallery-1-426\" srcset=\"https:\/\/winos.com.pe\/wp-content\/uploads\/2020\/06\/DETALLES-TEJIDO-VIGA-RECEPCION-Y-PELADO-SE-V2.0-300x212.jpg 300w, https:\/\/winos.com.pe\/wp-content\/uploads\/2020\/06\/DETALLES-TEJIDO-VIGA-RECEPCION-Y-PELADO-SE-V2.0-768x543.jpg 768w, https:\/\/winos.com.pe\/wp-content\/uploads\/2020\/06\/DETALLES-TEJIDO-VIGA-RECEPCION-Y-PELADO-SE-V2.0-1024x724.jpg 1024w, https:\/\/winos.com.pe\/wp-content\/uploads\/2020\/06\/DETALLES-TEJIDO-VIGA-RECEPCION-Y-PELADO-SE-V2.0-495x350.jpg 495w, https:\/\/winos.com.pe\/wp-content\/uploads\/2020\/06\/DETALLES-TEJIDO-VIGA-RECEPCION-Y-PELADO-SE-V2.0-150x106.jpg 150w\" sizes=\"(max-width: 300px) 100vw, 300px\" \/><\/a>\n\t\t\t<\/dt>\n\t\t\t\t<dd class='wp-caption-text gallery-caption' id='gallery-1-426'>\n\t\t\t\tEstructura Met\u00e1lica Techo\n\t\t\t\t<\/dd><\/dl><dl class='gallery-item'>\n\t\t\t<dt class='gallery-icon landscape'>\n\t\t\t\t<a data-elementor-open-lightbox=\"yes\" data-elementor-lightbox-slideshow=\"ebccc12\" data-elementor-lightbox-title=\"DETALLES VIGA RECEPCION Y PELADO SE V2.0\" e-action-hash=\"#elementor-action%3Aaction%3Dlightbox%26settings%3DeyJpZCI6NDI3LCJ1cmwiOiJodHRwczpcL1wvd2lub3MuY29tLnBlXC93cC1jb250ZW50XC91cGxvYWRzXC8yMDIwXC8wNlwvREVUQUxMRVMtVklHQS1SRUNFUENJT04tWS1QRUxBRE8tU0UtVjIuMC5qcGciLCJzbGlkZXNob3ciOiJlYmNjYzEyIn0%3D\" href='https:\/\/winos.com.pe\/wp-content\/uploads\/2020\/06\/DETALLES-VIGA-RECEPCION-Y-PELADO-SE-V2.0.jpg'><img loading=\"lazy\" decoding=\"async\" width=\"300\" height=\"212\" src=\"https:\/\/winos.com.pe\/wp-content\/uploads\/2020\/06\/DETALLES-VIGA-RECEPCION-Y-PELADO-SE-V2.0-300x212.jpg\" class=\"attachment-medium size-medium\" alt=\"\" aria-describedby=\"gallery-1-427\" srcset=\"https:\/\/winos.com.pe\/wp-content\/uploads\/2020\/06\/DETALLES-VIGA-RECEPCION-Y-PELADO-SE-V2.0-300x212.jpg 300w, https:\/\/winos.com.pe\/wp-content\/uploads\/2020\/06\/DETALLES-VIGA-RECEPCION-Y-PELADO-SE-V2.0-768x543.jpg 768w, https:\/\/winos.com.pe\/wp-content\/uploads\/2020\/06\/DETALLES-VIGA-RECEPCION-Y-PELADO-SE-V2.0-1024x724.jpg 1024w, https:\/\/winos.com.pe\/wp-content\/uploads\/2020\/06\/DETALLES-VIGA-RECEPCION-Y-PELADO-SE-V2.0-495x350.jpg 495w, https:\/\/winos.com.pe\/wp-content\/uploads\/2020\/06\/DETALLES-VIGA-RECEPCION-Y-PELADO-SE-V2.0-150x106.jpg 150w\" sizes=\"(max-width: 300px) 100vw, 300px\" \/><\/a>\n\t\t\t<\/dt>\n\t\t\t\t<dd class='wp-caption-text gallery-caption' id='gallery-1-427'>\n\t\t\t\tDetalles Estructural Techo\n\t\t\t\t<\/dd><\/dl><br style=\"clear: both\" \/><dl class='gallery-item'>\n\t\t\t<dt class='gallery-icon landscape'>\n\t\t\t\t<a data-elementor-open-lightbox=\"yes\" data-elementor-lightbox-slideshow=\"ebccc12\" data-elementor-lightbox-title=\"ALTURA ESTRUCTURA SOPORTE Y CADENA V1.0\" e-action-hash=\"#elementor-action%3Aaction%3Dlightbox%26settings%3DeyJpZCI6NDI4LCJ1cmwiOiJodHRwczpcL1wvd2lub3MuY29tLnBlXC93cC1jb250ZW50XC91cGxvYWRzXC8yMDIwXC8wNlwvQUxUVVJBLUVTVFJVQ1RVUkEtU09QT1JURS1ZLUNBREVOQS1WMS4wLmpwZyIsInNsaWRlc2hvdyI6ImViY2NjMTIifQ%3D%3D\" href='https:\/\/winos.com.pe\/wp-content\/uploads\/2020\/06\/ALTURA-ESTRUCTURA-SOPORTE-Y-CADENA-V1.0.jpg'><img loading=\"lazy\" decoding=\"async\" width=\"300\" height=\"212\" src=\"https:\/\/winos.com.pe\/wp-content\/uploads\/2020\/06\/ALTURA-ESTRUCTURA-SOPORTE-Y-CADENA-V1.0-300x212.jpg\" class=\"attachment-medium size-medium\" alt=\"\" aria-describedby=\"gallery-1-428\" srcset=\"https:\/\/winos.com.pe\/wp-content\/uploads\/2020\/06\/ALTURA-ESTRUCTURA-SOPORTE-Y-CADENA-V1.0-300x212.jpg 300w, https:\/\/winos.com.pe\/wp-content\/uploads\/2020\/06\/ALTURA-ESTRUCTURA-SOPORTE-Y-CADENA-V1.0-768x543.jpg 768w, https:\/\/winos.com.pe\/wp-content\/uploads\/2020\/06\/ALTURA-ESTRUCTURA-SOPORTE-Y-CADENA-V1.0-1024x724.jpg 1024w, https:\/\/winos.com.pe\/wp-content\/uploads\/2020\/06\/ALTURA-ESTRUCTURA-SOPORTE-Y-CADENA-V1.0-495x350.jpg 495w, https:\/\/winos.com.pe\/wp-content\/uploads\/2020\/06\/ALTURA-ESTRUCTURA-SOPORTE-Y-CADENA-V1.0-150x106.jpg 150w\" sizes=\"(max-width: 300px) 100vw, 300px\" \/><\/a>\n\t\t\t<\/dt>\n\t\t\t\t<dd class='wp-caption-text gallery-caption' id='gallery-1-428'>\n\t\t\t\tAltura Nueva L\u00ednea de Pesaje\n\t\t\t\t<\/dd><\/dl><dl class='gallery-item'>\n\t\t\t<dt class='gallery-icon landscape'>\n\t\t\t\t<a data-elementor-open-lightbox=\"yes\" data-elementor-lightbox-slideshow=\"ebccc12\" data-elementor-lightbox-title=\"ALTURA POSTE LINEA DE PESAJE SE V1.0\" e-action-hash=\"#elementor-action%3Aaction%3Dlightbox%26settings%3DeyJpZCI6NDI5LCJ1cmwiOiJodHRwczpcL1wvd2lub3MuY29tLnBlXC93cC1jb250ZW50XC91cGxvYWRzXC8yMDIwXC8wNlwvQUxUVVJBLVBPU1RFLUxJTkVBLURFLVBFU0FKRS1TRS1WMS4wLmpwZyIsInNsaWRlc2hvdyI6ImViY2NjMTIifQ%3D%3D\" href='https:\/\/winos.com.pe\/wp-content\/uploads\/2020\/06\/ALTURA-POSTE-LINEA-DE-PESAJE-SE-V1.0.jpg'><img loading=\"lazy\" decoding=\"async\" width=\"300\" height=\"214\" src=\"https:\/\/winos.com.pe\/wp-content\/uploads\/2020\/06\/ALTURA-POSTE-LINEA-DE-PESAJE-SE-V1.0-300x214.jpg\" class=\"attachment-medium size-medium\" alt=\"\" aria-describedby=\"gallery-1-429\" srcset=\"https:\/\/winos.com.pe\/wp-content\/uploads\/2020\/06\/ALTURA-POSTE-LINEA-DE-PESAJE-SE-V1.0-300x214.jpg 300w, https:\/\/winos.com.pe\/wp-content\/uploads\/2020\/06\/ALTURA-POSTE-LINEA-DE-PESAJE-SE-V1.0-768x548.jpg 768w, https:\/\/winos.com.pe\/wp-content\/uploads\/2020\/06\/ALTURA-POSTE-LINEA-DE-PESAJE-SE-V1.0-1024x731.jpg 1024w, https:\/\/winos.com.pe\/wp-content\/uploads\/2020\/06\/ALTURA-POSTE-LINEA-DE-PESAJE-SE-V1.0-490x350.jpg 490w, https:\/\/winos.com.pe\/wp-content\/uploads\/2020\/06\/ALTURA-POSTE-LINEA-DE-PESAJE-SE-V1.0-150x107.jpg 150w\" sizes=\"(max-width: 300px) 100vw, 300px\" \/><\/a>\n\t\t\t<\/dt>\n\t\t\t\t<dd class='wp-caption-text gallery-caption' id='gallery-1-429'>\n\t\t\t\tDetalles Soportes Inoxidables\n\t\t\t\t<\/dd><\/dl><dl class='gallery-item'>\n\t\t\t<dt class='gallery-icon landscape'>\n\t\t\t\t<a data-elementor-open-lightbox=\"yes\" data-elementor-lightbox-slideshow=\"ebccc12\" data-elementor-lightbox-title=\"DETALLES2 ABRAZADERAS POSTE RIEL EMPAQUE SE V1.0\" e-action-hash=\"#elementor-action%3Aaction%3Dlightbox%26settings%3DeyJpZCI6NDMwLCJ1cmwiOiJodHRwczpcL1wvd2lub3MuY29tLnBlXC93cC1jb250ZW50XC91cGxvYWRzXC8yMDIwXC8wNlwvREVUQUxMRVMyLUFCUkFaQURFUkFTLVBPU1RFLVJJRUwtRU1QQVFVRS1TRS1WMS4wLmpwZyIsInNsaWRlc2hvdyI6ImViY2NjMTIifQ%3D%3D\" href='https:\/\/winos.com.pe\/wp-content\/uploads\/2020\/06\/DETALLES2-ABRAZADERAS-POSTE-RIEL-EMPAQUE-SE-V1.0.jpg'><img loading=\"lazy\" decoding=\"async\" width=\"300\" height=\"214\" src=\"https:\/\/winos.com.pe\/wp-content\/uploads\/2020\/06\/DETALLES2-ABRAZADERAS-POSTE-RIEL-EMPAQUE-SE-V1.0-300x214.jpg\" class=\"attachment-medium size-medium\" alt=\"\" aria-describedby=\"gallery-1-430\" srcset=\"https:\/\/winos.com.pe\/wp-content\/uploads\/2020\/06\/DETALLES2-ABRAZADERAS-POSTE-RIEL-EMPAQUE-SE-V1.0-300x214.jpg 300w, https:\/\/winos.com.pe\/wp-content\/uploads\/2020\/06\/DETALLES2-ABRAZADERAS-POSTE-RIEL-EMPAQUE-SE-V1.0-768x548.jpg 768w, https:\/\/winos.com.pe\/wp-content\/uploads\/2020\/06\/DETALLES2-ABRAZADERAS-POSTE-RIEL-EMPAQUE-SE-V1.0-1024x731.jpg 1024w, https:\/\/winos.com.pe\/wp-content\/uploads\/2020\/06\/DETALLES2-ABRAZADERAS-POSTE-RIEL-EMPAQUE-SE-V1.0-490x350.jpg 490w, https:\/\/winos.com.pe\/wp-content\/uploads\/2020\/06\/DETALLES2-ABRAZADERAS-POSTE-RIEL-EMPAQUE-SE-V1.0-150x107.jpg 150w\" sizes=\"(max-width: 300px) 100vw, 300px\" \/><\/a>\n\t\t\t<\/dt>\n\t\t\t\t<dd class='wp-caption-text gallery-caption' id='gallery-1-430'>\n\t\t\t\tDetalles Abrazaderas y Templadores Inoxidables\n\t\t\t\t<\/dd><\/dl><br style=\"clear: both\" \/>\n\t\t<\/div>\n\t\t<\/div>\n\t\t\t\t<\/div>\n\t\t\t\t<\/div>\n\t\t\t\t\t\t<\/div>\n\t\t\t\t\t<\/div>\n\t\t<\/div>\n\t\t\t\t\t\t\t\t<\/div>\n\t\t\t\t\t<\/div>\n\t\t<\/section>\n\t\t\t\t<section class=\"elementor-section elementor-top-section elementor-element elementor-element-2ffc741 elementor-section-boxed elementor-section-height-default elementor-section-height-default\" data-id=\"2ffc741\" data-element_type=\"section\">\n\t\t\t\t\t\t<div class=\"elementor-container elementor-column-gap-default\">\n\t\t\t\t\t\t\t<div class=\"elementor-row\">\n\t\t\t\t\t<div class=\"elementor-column elementor-col-100 elementor-top-column elementor-element elementor-element-330aed2\" data-id=\"330aed2\" data-element_type=\"column\">\n\t\t\t<div class=\"elementor-column-wrap elementor-element-populated\">\n\t\t\t\t\t\t\t<div class=\"elementor-widget-wrap\">\n\t\t\t\t\t\t<div class=\"elementor-element elementor-element-78b432c elementor-widget elementor-widget-image-gallery\" data-id=\"78b432c\" data-element_type=\"widget\" data-widget_type=\"image-gallery.default\">\n\t\t\t\t<div class=\"elementor-widget-container\">\n\t\t\t\t\t<div class=\"elementor-image-gallery\">\n\t\t\t\n\t\t<style type=\"text\/css\">\n\t\t\t#gallery-2 {\n\t\t\t\tmargin: auto;\n\t\t\t}\n\t\t\t#gallery-2 .gallery-item {\n\t\t\t\tfloat: left;\n\t\t\t\tmargin-top: 10px;\n\t\t\t\ttext-align: center;\n\t\t\t\twidth: 50%;\n\t\t\t}\n\t\t\t#gallery-2 img {\n\t\t\t\tborder: 2px solid #cfcfcf;\n\t\t\t}\n\t\t\t#gallery-2 .gallery-caption {\n\t\t\t\tmargin-left: 0;\n\t\t\t}\n\t\t\t\/* see gallery_shortcode() in wp-includes\/media.php *\/\n\t\t<\/style>\n\t\t<div id='gallery-2' class='gallery galleryid-108 gallery-columns-2 gallery-size-medium'><dl class='gallery-item'>\n\t\t\t<dt class='gallery-icon landscape'>\n\t\t\t\t<a data-elementor-open-lightbox=\"yes\" data-elementor-lightbox-slideshow=\"78b432c\" data-elementor-lightbox-title=\"DETALLES 2 CENTRIFUGA DE ROPA INDUSTRIAL SE V1.0 (1)\" e-action-hash=\"#elementor-action%3Aaction%3Dlightbox%26settings%3DeyJpZCI6NDg1LCJ1cmwiOiJodHRwczpcL1wvd2lub3MuY29tLnBlXC93cC1jb250ZW50XC91cGxvYWRzXC8yMDIwXC8wOVwvREVUQUxMRVMtMi1DRU5UUklGVUdBLURFLVJPUEEtSU5EVVNUUklBTC1TRS1WMS4wLTEuanBnIiwic2xpZGVzaG93IjoiNzhiNDMyYyJ9\" href='https:\/\/winos.com.pe\/wp-content\/uploads\/2020\/09\/DETALLES-2-CENTRIFUGA-DE-ROPA-INDUSTRIAL-SE-V1.0-1.jpg'><img loading=\"lazy\" decoding=\"async\" width=\"300\" height=\"212\" src=\"https:\/\/winos.com.pe\/wp-content\/uploads\/2020\/09\/DETALLES-2-CENTRIFUGA-DE-ROPA-INDUSTRIAL-SE-V1.0-1-300x212.jpg\" class=\"attachment-medium size-medium\" alt=\"\" aria-describedby=\"gallery-2-485\" srcset=\"https:\/\/winos.com.pe\/wp-content\/uploads\/2020\/09\/DETALLES-2-CENTRIFUGA-DE-ROPA-INDUSTRIAL-SE-V1.0-1-300x212.jpg 300w, https:\/\/winos.com.pe\/wp-content\/uploads\/2020\/09\/DETALLES-2-CENTRIFUGA-DE-ROPA-INDUSTRIAL-SE-V1.0-1-768x543.jpg 768w, https:\/\/winos.com.pe\/wp-content\/uploads\/2020\/09\/DETALLES-2-CENTRIFUGA-DE-ROPA-INDUSTRIAL-SE-V1.0-1-1024x724.jpg 1024w, https:\/\/winos.com.pe\/wp-content\/uploads\/2020\/09\/DETALLES-2-CENTRIFUGA-DE-ROPA-INDUSTRIAL-SE-V1.0-1-495x350.jpg 495w, https:\/\/winos.com.pe\/wp-content\/uploads\/2020\/09\/DETALLES-2-CENTRIFUGA-DE-ROPA-INDUSTRIAL-SE-V1.0-1-150x106.jpg 150w\" sizes=\"(max-width: 300px) 100vw, 300px\" \/><\/a>\n\t\t\t<\/dt>\n\t\t\t\t<dd class='wp-caption-text gallery-caption' id='gallery-2-485'>\n\t\t\t\tDise\u00f1o 1 Secadora Industrial de Ropa\n\t\t\t\t<\/dd><\/dl><dl class='gallery-item'>\n\t\t\t<dt class='gallery-icon landscape'>\n\t\t\t\t<a data-elementor-open-lightbox=\"yes\" data-elementor-lightbox-slideshow=\"78b432c\" data-elementor-lightbox-title=\"DETALLES 1 CENTRIFUGA DE ROPA INDUSTRIAL\" e-action-hash=\"#elementor-action%3Aaction%3Dlightbox%26settings%3DeyJpZCI6NDgyLCJ1cmwiOiJodHRwczpcL1wvd2lub3MuY29tLnBlXC93cC1jb250ZW50XC91cGxvYWRzXC8yMDIwXC8wOVwvREVUQUxMRVMtMS1DRU5UUklGVUdBLURFLVJPUEEtSU5EVVNUUklBTC5qcGciLCJzbGlkZXNob3ciOiI3OGI0MzJjIn0%3D\" href='https:\/\/winos.com.pe\/wp-content\/uploads\/2020\/09\/DETALLES-1-CENTRIFUGA-DE-ROPA-INDUSTRIAL.jpg'><img loading=\"lazy\" decoding=\"async\" width=\"300\" height=\"212\" src=\"https:\/\/winos.com.pe\/wp-content\/uploads\/2020\/09\/DETALLES-1-CENTRIFUGA-DE-ROPA-INDUSTRIAL-300x212.jpg\" class=\"attachment-medium size-medium\" alt=\"\" aria-describedby=\"gallery-2-482\" srcset=\"https:\/\/winos.com.pe\/wp-content\/uploads\/2020\/09\/DETALLES-1-CENTRIFUGA-DE-ROPA-INDUSTRIAL-300x212.jpg 300w, https:\/\/winos.com.pe\/wp-content\/uploads\/2020\/09\/DETALLES-1-CENTRIFUGA-DE-ROPA-INDUSTRIAL-768x543.jpg 768w, https:\/\/winos.com.pe\/wp-content\/uploads\/2020\/09\/DETALLES-1-CENTRIFUGA-DE-ROPA-INDUSTRIAL-1024x724.jpg 1024w, https:\/\/winos.com.pe\/wp-content\/uploads\/2020\/09\/DETALLES-1-CENTRIFUGA-DE-ROPA-INDUSTRIAL-495x350.jpg 495w, https:\/\/winos.com.pe\/wp-content\/uploads\/2020\/09\/DETALLES-1-CENTRIFUGA-DE-ROPA-INDUSTRIAL-150x106.jpg 150w\" sizes=\"(max-width: 300px) 100vw, 300px\" \/><\/a>\n\t\t\t<\/dt>\n\t\t\t\t<dd class='wp-caption-text gallery-caption' id='gallery-2-482'>\n\t\t\t\tDise\u00f1o 2 Secadora Industrial de Ropa\n\t\t\t\t<\/dd><\/dl><br style=\"clear: both\" \/><dl class='gallery-item'>\n\t\t\t<dt class='gallery-icon landscape'>\n\t\t\t\t<a data-elementor-open-lightbox=\"yes\" data-elementor-lightbox-slideshow=\"78b432c\" data-elementor-lightbox-title=\"DETALLES 1 PRE-CHILLER NUEVO\" e-action-hash=\"#elementor-action%3Aaction%3Dlightbox%26settings%3DeyJpZCI6NDgzLCJ1cmwiOiJodHRwczpcL1wvd2lub3MuY29tLnBlXC93cC1jb250ZW50XC91cGxvYWRzXC8yMDIwXC8wOVwvREVUQUxMRVMtMS1QUkUtQ0hJTExFUi1OVUVWTy5qcGciLCJzbGlkZXNob3ciOiI3OGI0MzJjIn0%3D\" href='https:\/\/winos.com.pe\/wp-content\/uploads\/2020\/09\/DETALLES-1-PRE-CHILLER-NUEVO.jpg'><img loading=\"lazy\" decoding=\"async\" width=\"300\" height=\"212\" src=\"https:\/\/winos.com.pe\/wp-content\/uploads\/2020\/09\/DETALLES-1-PRE-CHILLER-NUEVO-300x212.jpg\" class=\"attachment-medium size-medium\" alt=\"\" aria-describedby=\"gallery-2-483\" srcset=\"https:\/\/winos.com.pe\/wp-content\/uploads\/2020\/09\/DETALLES-1-PRE-CHILLER-NUEVO-300x212.jpg 300w, https:\/\/winos.com.pe\/wp-content\/uploads\/2020\/09\/DETALLES-1-PRE-CHILLER-NUEVO-768x543.jpg 768w, https:\/\/winos.com.pe\/wp-content\/uploads\/2020\/09\/DETALLES-1-PRE-CHILLER-NUEVO-1024x724.jpg 1024w, https:\/\/winos.com.pe\/wp-content\/uploads\/2020\/09\/DETALLES-1-PRE-CHILLER-NUEVO-495x350.jpg 495w, https:\/\/winos.com.pe\/wp-content\/uploads\/2020\/09\/DETALLES-1-PRE-CHILLER-NUEVO-150x106.jpg 150w\" sizes=\"(max-width: 300px) 100vw, 300px\" \/><\/a>\n\t\t\t<\/dt>\n\t\t\t\t<dd class='wp-caption-text gallery-caption' id='gallery-2-483'>\n\t\t\t\tDise\u00f1o 1 Fabricaci\u00f3n Chiller de Menudencia\n\t\t\t\t<\/dd><\/dl><dl class='gallery-item'>\n\t\t\t<dt class='gallery-icon landscape'>\n\t\t\t\t<a data-elementor-open-lightbox=\"yes\" data-elementor-lightbox-slideshow=\"78b432c\" data-elementor-lightbox-title=\"DETALLES 2 CANOA PRECHILLER SE V1.0_page-0001\" e-action-hash=\"#elementor-action%3Aaction%3Dlightbox%26settings%3DeyJpZCI6NDg0LCJ1cmwiOiJodHRwczpcL1wvd2lub3MuY29tLnBlXC93cC1jb250ZW50XC91cGxvYWRzXC8yMDIwXC8wOVwvREVUQUxMRVMtMi1DQU5PQS1QUkVDSElMTEVSLVNFLVYxLjBfcGFnZS0wMDAxLmpwZyIsInNsaWRlc2hvdyI6Ijc4YjQzMmMifQ%3D%3D\" href='https:\/\/winos.com.pe\/wp-content\/uploads\/2020\/09\/DETALLES-2-CANOA-PRECHILLER-SE-V1.0_page-0001.jpg'><img loading=\"lazy\" decoding=\"async\" width=\"300\" height=\"212\" src=\"https:\/\/winos.com.pe\/wp-content\/uploads\/2020\/09\/DETALLES-2-CANOA-PRECHILLER-SE-V1.0_page-0001-300x212.jpg\" class=\"attachment-medium size-medium\" alt=\"\" aria-describedby=\"gallery-2-484\" srcset=\"https:\/\/winos.com.pe\/wp-content\/uploads\/2020\/09\/DETALLES-2-CANOA-PRECHILLER-SE-V1.0_page-0001-300x212.jpg 300w, https:\/\/winos.com.pe\/wp-content\/uploads\/2020\/09\/DETALLES-2-CANOA-PRECHILLER-SE-V1.0_page-0001-768x543.jpg 768w, https:\/\/winos.com.pe\/wp-content\/uploads\/2020\/09\/DETALLES-2-CANOA-PRECHILLER-SE-V1.0_page-0001-1024x724.jpg 1024w, https:\/\/winos.com.pe\/wp-content\/uploads\/2020\/09\/DETALLES-2-CANOA-PRECHILLER-SE-V1.0_page-0001-495x350.jpg 495w, https:\/\/winos.com.pe\/wp-content\/uploads\/2020\/09\/DETALLES-2-CANOA-PRECHILLER-SE-V1.0_page-0001-150x106.jpg 150w\" sizes=\"(max-width: 300px) 100vw, 300px\" \/><\/a>\n\t\t\t<\/dt>\n\t\t\t\t<dd class='wp-caption-text gallery-caption' id='gallery-2-484'>\n\t\t\t\tDise\u00f1o 2 Fabricaci\u00f3n Chiller de Menudencia\n\t\t\t\t<\/dd><\/dl><br style=\"clear: both\" \/>\n\t\t<\/div>\n\t\t<\/div>\n\t\t\t\t<\/div>\n\t\t\t\t<\/div>\n\t\t\t\t\t\t<\/div>\n\t\t\t\t\t<\/div>\n\t\t<\/div>\n\t\t\t\t\t\t\t\t<\/div>\n\t\t\t\t\t<\/div>\n\t\t<\/section>\n\t\t\t\t\t\t\t\t\t<\/div>\n\t\t\t<\/div>\n\t\t\t\t\t<\/div>\n\t\t","protected":false},"excerpt":{"rendered":"<p>T\u00e9cnicas Mec\u00e1nicas Industriales WINOS S.A.C. elabora la ingenier\u00eda de detalle y de taller necesaria para la fabricaci\u00f3n y construcci\u00f3n de sus trabajos, planos de fabricaci\u00f3n y montaje para diferentes proyectos que se ejecuta en las plantas industriales: Av\u00edcolas, Procesadoras de Alimentos Balanceados, Compostaje, Plantas Pesqueras, entre otros. GALER\u00cdA PROYECTO PLANTA&#8230; <a class=\"continue-reading-link\" href=\"https:\/\/winos.com.pe\/?page_id=108\">Continue reading<\/a><\/p>\n","protected":false},"author":1,"featured_media":0,"parent":0,"menu_order":0,"comment_status":"closed","ping_status":"closed","template":"","meta":{"footnotes":""},"class_list":["post-108","page","type-page","status-publish","hentry"],"_links":{"self":[{"href":"https:\/\/winos.com.pe\/index.php?rest_route=\/wp\/v2\/pages\/108"}],"collection":[{"href":"https:\/\/winos.com.pe\/index.php?rest_route=\/wp\/v2\/pages"}],"about":[{"href":"https:\/\/winos.com.pe\/index.php?rest_route=\/wp\/v2\/types\/page"}],"author":[{"embeddable":true,"href":"https:\/\/winos.com.pe\/index.php?rest_route=\/wp\/v2\/users\/1"}],"replies":[{"embeddable":true,"href":"https:\/\/winos.com.pe\/index.php?rest_route=%2Fwp%2Fv2%2Fcomments&post=108"}],"version-history":[{"count":14,"href":"https:\/\/winos.com.pe\/index.php?rest_route=\/wp\/v2\/pages\/108\/revisions"}],"predecessor-version":[{"id":1358,"href":"https:\/\/winos.com.pe\/index.php?rest_route=\/wp\/v2\/pages\/108\/revisions\/1358"}],"wp:attachment":[{"href":"https:\/\/winos.com.pe\/index.php?rest_route=%2Fwp%2Fv2%2Fmedia&parent=108"}],"curies":[{"name":"wp","href":"https:\/\/api.w.org\/{rel}","templated":true}]}}